{"id":2525,"date":"2021-05-27T12:27:43","date_gmt":"2021-05-27T10:27:43","guid":{"rendered":"http:\/\/icl-spa.it\/privacy-policy\/"},"modified":"2022-10-21T14:36:49","modified_gmt":"2022-10-21T12:36:49","slug":"privacy-policy","status":"publish","type":"page","link":"https:\/\/icl-spa.it\/en\/privacy-policy\/","title":{"rendered":"Privacy Policy"},"content":{"rendered":"<div>\n<h1><span class=\" author-d-4z65zz66zl57z75zyiz66zfr2fz87zwz89znujekz89z6tc7z71zoz87z7z82z33rjz67zqz84zi7kz88zgutz82zdr\">Privacy Policy<\/span><\/h1>\n<\/div>\n<div>\n<h2><span class=\" author-d-4z65zz66zl57z75zyiz66zfr2fz87zwz89znujekz89z6tc7z71zoz87z7z82z33rjz67zqz84zi7kz88zgutz82zdr\"><b>INFORMAZIONI SUL TRATTAMENTO DEI DATI PERSONALI<\/b><\/span><\/h2>\n<\/div>\n<div><span class=\"ace-all-bold-hthree\"><span class=\" author-d-4z65zz66zl57z75zyiz66zfr2fz87zwz89znujekz89z6tc7z71zoz87z7z82z33rjz67zqz84zi7kz88zgutz82zdr\"><b>degli utenti che consultano i siti web di <\/b><\/span><\/span><span class=\" author-d-4z65zz66zl57z75zyiz66zfr2fz87zwz89znujekz89z6tc7z71zoz87z7z82z33rjz67zqz84zi7kz88zgutz82zdr\">ICL SRL <\/span><span class=\"ace-all-bold-hthree\"><span class=\" author-d-4z65zz66zl57z75zyiz66zfr2fz87zwz89znujekz89z6tc7z71zoz87z7z82z33rjz67zqz84zi7kz88zgutz82zdr\"><b>ai sensi dell&#8217;articolo 13 del Regolamento<\/b><\/span><b> <\/b><span class=\" author-d-4z65zz66zl57z75zyiz66zfr2fz87zwz89znujekz89z6tc7z71zoz87z7z82z33rjz67zqz84zi7kz88zgutz82zdr h-lparen\"><b>(UE)<\/b><\/span><span class=\" author-d-4z65zz66zl57z75zyiz66zfr2fz87zwz89znujekz89z6tc7z71zoz87z7z82z33rjz67zqz84zi7kz88zgutz82zdr\"><b> 2016\/679<\/b><\/span><\/span><\/div>\n<div><\/div>\n<div><span class=\" author-d-4z65zz66zl57z75zyiz66zfr2fz87zwz89znujekz89z6tc7z71zoz87z7z82z33rjz67zqz84zi7kz88zgutz82zdr\">AMBITO DI APPLICAZIONE<\/span><\/div>\n<div><span class=\" author-d-4z65zz66zl57z75zyiz66zfr2fz87zwz89znujekz89z6tc7z71zoz87z7z82z33rjz67zqz84zi7kz88zgutz82zdr\">Ai sensi del Regolamento<\/span> <span class=\" author-d-4z65zz66zl57z75zyiz66zfr2fz87zwz89znujekz89z6tc7z71zoz87z7z82z33rjz67zqz84zi7kz88zgutz82zdr h-lparen\">(UE)<\/span><span class=\" author-d-4z65zz66zl57z75zyiz66zfr2fz87zwz89znujekz89z6tc7z71zoz87z7z82z33rjz67zqz84zi7kz88zgutz82zdr\"> 2016\/679<\/span> <span class=\" author-d-4z65zz66zl57z75zyiz66zfr2fz87zwz89znujekz89z6tc7z71zoz87z7z82z33rjz67zqz84zi7kz88zgutz82zdr h-lparen\">(di<\/span><span class=\" author-d-4z65zz66zl57z75zyiz66zfr2fz87zwz89znujekz89z6tc7z71zoz87z7z82z33rjz67zqz84zi7kz88zgutz82zdr\"> seguito<\/span> <span class=\" author-d-4z65zz66zl57z75zyiz66zfr2fz87zwz89znujekz89z6tc7z71zoz87z7z82z33rjz67zqz84zi7kz88zgutz82zdr h-quot\">&#8220;Regolamento&#8221;),<\/span><span class=\" author-d-4z65zz66zl57z75zyiz66zfr2fz87zwz89znujekz89z6tc7z71zoz87z7z82z33rjz67zqz84zi7kz88zgutz82zdr\"> questa informativa descrive le modalit\u00e0 di trattamento dei dati personali degli utenti che consultano i siti web di <\/span><span class=\" author-d-4z65zz66zl57z75zyiz66zfr2fz87zwz89znujekz89z6tc7z71zoz87z7z82z33rjz67zqz84zi7kz88zgutz82zdr\">ICL SRL <\/span><span class=\" author-d-4z65zz66zl57z75zyiz66zfr2fz87zwz89znujekz89z6tc7z71zoz87z7z82z33rjz67zqz84zi7kz88zgutz82zdr\">(di seguito<\/span> <span class=\" author-d-4z65zz66zl57z75zyiz66zfr2fz87zwz89znujekz89z6tc7z71zoz87z7z82z33rjz67zqz84zi7kz88zgutz82zdr h-quot\">&#8220;Titolare&#8221;)<\/span><span class=\" author-d-4z65zz66zl57z75zyiz66zfr2fz87zwz89znujekz89z6tc7z71zoz87z7z82z33rjz67zqz84zi7kz88zgutz82zdr\">\u00a0<\/span><span class=\" author-d-4z65zz66zl57z75zyiz66zfr2fz87zwz89znujekz89z6tc7z71zoz87z7z82z33rjz67zqz84zi7kz88zgutz82zdr\">accessibili per via telematica ai seguenti indirizzi:<\/span><\/div>\n<p><a href=\"http:\/\/icl-spa.it\/en\/\">www.iclsrl.it<\/a><\/p>\n<div><span class=\" author-d-4z65zz66zl57z75zyiz66zfr2fz87zwz89znujekz89z6tc7z71zoz87z7z82z33rjz67zqz84zi7kz88zgutz82zdr\">Le presenti informazioni non riguardano altri siti, pagine o servizi online raggiungibili tramite link ipertestuali eventualmente pubblicati nei siti ma riferiti a risorse esterne al\/i domini sopracitati.<\/span><\/div>\n<div><span class=\" author-d-4z65zz66zl57z75zyiz66zfr2fz87zwz89znujekz89z6tc7z71zoz87z7z82z33rjz67zqz84zi7kz88zgutz82zdr\">TITOLARE DEL TRATTAMENTO<\/span><\/div>\n<div><span class=\" author-d-4z65zz66zl57z75zyiz66zfr2fz87zwz89znujekz89z6tc7z71zoz87z7z82z33rjz67zqz84zi7kz88zgutz82zdr\">A seguito della consultazione dei siti sopra elencati possono essere trattati dati relativi a persone fisiche identificate o identificabili.<\/span><\/div>\n<div><span class=\" author-d-4z65zz66zl57z75zyiz66zfr2fz87zwz89znujekz89z6tc7z71zoz87z7z82z33rjz67zqz84zi7kz88zgutz82zdr\">TITOLARE DEL TRATTAMENTO \u00e8 ICL Spa<\/span><\/div>\n<div><\/div>\n<div><span class=\" author-d-4z65zz66zl57z75zyiz66zfr2fz87zwz89znujekz89z6tc7z71zoz87z7z82z33rjz67zqz84zi7kz88zgutz82zdr\">Il Titolare esegue il trattamento dei dati personali da Lei comunicati, in occasione della conclusione di contratti o per le registrazioni via Web ai servizi del Titolare.<\/span><\/div>\n<div><span class=\" author-d-4z65zz66zl57z75zyiz66zfr2fz87zwz89znujekz89z6tc7z71zoz87z7z82z33rjz67zqz84zi7kz88zgutz82zdr\">Il legittimo interesse del Titolare \u00e8 l\u2019attivit\u00e0 di ICL Spa<\/span><\/div>\n<div><span class=\" author-d-4z65zz66zl57z75zyiz66zfr2fz87zwz89znujekz89z6tc7z71zoz87z7z82z33rjz67zqz84zi7kz88zgutz82zdr\">\u00a0come societ\u00e0 che eroga servizi di:<\/span><\/div>\n<div><span class=\" author-d-4z65zz66zl57z75zyiz66zfr2fz87zwz89znujekz89z6tc7z71zoz87z7z82z33rjz67zqz84zi7kz88zgutz82zdr\">\u00a0<\/span><\/div>\n<div><span class=\" author-d-4z65zz66zl57z75zyiz66zfr2fz87zwz89znujekz89z6tc7z71zoz87z7z82z33rjz67zqz84zi7kz88zgutz82zdr\">TAGLIO E COMMERCIALIZZAZIONE PRODOTTI SIDERURGICI<\/span><\/div>\n<div><span class=\" author-d-4z65zz66zl57z75zyiz66zfr2fz87zwz89znujekz89z6tc7z71zoz87z7z82z33rjz67zqz84zi7kz88zgutz82zdr\">\u00a0<\/span><\/div>\n<div><span class=\" author-d-4z65zz66zl57z75zyiz66zfr2fz87zwz89znujekz89z6tc7z71zoz87z7z82z33rjz67zqz84zi7kz88zgutz82zdr\">I Suoi dati saranno trattati secondo i principi di riservatezza, trasparenza e di ogni altro principio previsto dal Regolamento. Il trattamento sar\u00e0 effettuato sia con strumenti manuali e\/o informatici e telematici con logiche di organizzazione ed elaborazione strettamente correlate alle finalit\u00e0 stesse e comunque in modo da garantire la sicurezza, l&#8217;integrit\u00e0 e la riservatezza dei dati stessi nel rispetto delle misure organizzative, fisiche e logiche previste dalle disposizioni vigenti.<\/span><\/div>\n<div><\/div>\n<div><span class=\" author-d-4z65zz66zl57z75zyiz66zfr2fz87zwz89znujekz89z6tc7z71zoz87z7z82z33rjz67zqz84zi7kz88zgutz82zdr\">TIPI DI DATI TRATTATI E FINALIT\u00c0 DEL TRATTAMENTO<\/span><\/div>\n<div><span class=\" author-d-4z65zz66zl57z75zyiz66zfr2fz87zwz89znujekz89z6tc7z71zoz87z7z82z33rjz67zqz84zi7kz88zgutz82zdr\">Dati di navigazione<\/span><\/div>\n<div><span class=\" author-d-4z65zz66zl57z75zyiz66zfr2fz87zwz89znujekz89z6tc7z71zoz87z7z82z33rjz67zqz84zi7kz88zgutz82zdr\">I sistemi informatici e le procedure software preposte al funzionamento di questo sito acquisiscono, nel corso del loro normale esercizio, alcuni dati personali la cui trasmissione \u00e8 implicita nell&#8217;uso dei protocolli di comunicazione di Internet. In questa categoria di dati rientrano gli indirizzi IP o i nomi a dominio dei computer e dei terminali utilizzati dagli utenti, gli indirizzi in notazione URI\/URL<\/span> <span class=\" author-d-4z65zz66zl57z75zyiz66zfr2fz87zwz89znujekz89z6tc7z71zoz87z7z82z33rjz67zqz84zi7kz88zgutz82zdr h-lparen\">(Uniform<\/span><span class=\" author-d-4z65zz66zl57z75zyiz66zfr2fz87zwz89znujekz89z6tc7z71zoz87z7z82z33rjz67zqz84zi7kz88zgutz82zdr\"> Resource Identifier\/Locator) delle risorse richieste, l&#8217;orario della richiesta, il metodo utilizzato nel sottoporre la richiesta al server, la dimensione del file ottenuto in risposta, il codice numerico indicante lo stato della risposta data dal server<\/span> <span class=\" author-d-4z65zz66zl57z75zyiz66zfr2fz87zwz89znujekz89z6tc7z71zoz87z7z82z33rjz67zqz84zi7kz88zgutz82zdr h-lparen\">(buon<\/span><span class=\" author-d-4z65zz66zl57z75zyiz66zfr2fz87zwz89znujekz89z6tc7z71zoz87z7z82z33rjz67zqz84zi7kz88zgutz82zdr\"> fine, errore, ecc.) ed altri parametri relativi al sistema operativo e all&#8217;ambiente informatico dell&#8217;utente.<\/span><\/div>\n<div><span class=\" author-d-4z65zz66zl57z75zyiz66zfr2fz87zwz89znujekz89z6tc7z71zoz87z7z82z33rjz67zqz84zi7kz88zgutz82zdr\">Tali dati, necessari per la fruizione dei servizi web, vengono anche trattati allo scopo di:<\/span><\/div>\n<ul class=\"listtype-bullet listindent1 list-bullet1\">\n<li><span class=\" author-d-4z65zz66zl57z75zyiz66zfr2fz87zwz89znujekz89z6tc7z71zoz87z7z82z33rjz67zqz84zi7kz88zgutz82zdr\">ottenere informazioni statistiche sull&#8217;uso dei servizi<\/span> <span class=\" author-d-4z65zz66zl57z75zyiz66zfr2fz87zwz89znujekz89z6tc7z71zoz87z7z82z33rjz67zqz84zi7kz88zgutz82zdr h-lparen\">(pagine<\/span><span class=\" author-d-4z65zz66zl57z75zyiz66zfr2fz87zwz89znujekz89z6tc7z71zoz87z7z82z33rjz67zqz84zi7kz88zgutz82zdr\"> pi\u00f9 visitate, numero di visitatori per fascia oraria o giornaliera, aree geografiche di provenienza, ecc.);<\/span><\/li>\n<li><span class=\" author-d-4z65zz66zl57z75zyiz66zfr2fz87zwz89znujekz89z6tc7z71zoz87z7z82z33rjz67zqz84zi7kz88zgutz82zdr\">controllare il corretto funzionamento dei servizi offerti.<\/span><\/li>\n<\/ul>\n<div><span class=\" author-d-4z65zz66zl57z75zyiz66zfr2fz87zwz89znujekz89z6tc7z71zoz87z7z82z33rjz67zqz84zi7kz88zgutz82zdr\">Dati comunicati dall&#8217;utente<\/span><\/div>\n<div><span class=\" author-d-4z65zz66zl57z75zyiz66zfr2fz87zwz89znujekz89z6tc7z71zoz87z7z82z33rjz67zqz84zi7kz88zgutz82zdr\">L&#8217;invio facoltativo, esplicito e volontario di messaggi agli indirizzi di contatto del Titolare, nonch\u00e9 la compilazione e l&#8217;inoltro dei moduli presenti sui siti del Titolare, comportano l&#8217;acquisizione dei dati di contatto del mittente, necessari a rispondere, nonch\u00e9 di tutti i dati personali inclusi nelle comunicazioni.<\/span><\/div>\n<div><span class=\" author-d-4z65zz66zl57z75zyiz66zfr2fz87zwz89znujekz89z6tc7z71zoz87z7z82z33rjz67zqz84zi7kz88zgutz82zdr\">I dati personali dell&#8217;utente sono trattati senza il Suo consenso espresso per le seguenti Finalit\u00e0 di Servizio:<\/span><\/div>\n<ul class=\"listtype-bullet listindent1 list-bullet1\">\n<li><span class=\" author-d-4z65zz66zl57z75zyiz66zfr2fz87zwz89znujekz89z6tc7z71zoz87z7z82z33rjz67zqz84zi7kz88zgutz82zdr\">concludere i contratti per i servizi e prodotti;<\/span><\/li>\n<li><span class=\" author-d-4z65zz66zl57z75zyiz66zfr2fz87zwz89znujekz89z6tc7z71zoz87z7z82z33rjz67zqz84zi7kz88zgutz82zdr\">adempiere agli obblighi precontrattuali, contrattuali e fiscali derivanti dai rapporti in essere;<\/span><\/li>\n<li><span class=\" author-d-4z65zz66zl57z75zyiz66zfr2fz87zwz89znujekz89z6tc7z71zoz87z7z82z33rjz67zqz84zi7kz88zgutz82zdr\">adempiere agli obblighi previsti dalla legge, da un regolamento, dalla normativa comunitaria o da un ordine dell\u2019Autorit\u00e0<\/span> <span class=\" author-d-4z65zz66zl57z75zyiz66zfr2fz87zwz89znujekz89z6tc7z71zoz87z7z82z33rjz67zqz84zi7kz88zgutz82zdr h-lparen\">(come<\/span><span class=\" author-d-4z65zz66zl57z75zyiz66zfr2fz87zwz89znujekz89z6tc7z71zoz87z7z82z33rjz67zqz84zi7kz88zgutz82zdr\"> ad esempio in materia di antiriciclaggio);<\/span><\/li>\n<li><span class=\" author-d-4z65zz66zl57z75zyiz66zfr2fz87zwz89znujekz89z6tc7z71zoz87z7z82z33rjz67zqz84zi7kz88zgutz82zdr\">esercitare i diritti del Titolare, ad esempio il diritto di difesa in giudizio.<\/span><\/li>\n<\/ul>\n<div><\/div>\n<div><span class=\" author-d-4z65zz66zl57z75zyiz66zfr2fz87zwz89znujekz89z6tc7z71zoz87z7z82z33rjz67zqz84zi7kz88zgutz82zdr\">I dati personali dell&#8217;utente sono trattati solo previo specifico e distinto consenso per le seguenti Finalit\u00e0:<\/span><\/div>\n<div><span class=\"highlight author-d-4z65zz66zl57z75zyiz66zfr2fz87zwz89znujekz89z6tc7z71zoz87z7z82z33rjz67zqz84zi7kz88zgutz82zdr\" data-highlight-color=\"#F7CC62\">\u00a0<\/span><\/div>\n<div><span class=\" author-d-4z65zz66zl57z75zyiz66zfr2fz87zwz89znujekz89z6tc7z71zoz87z7z82z33rjz67zqz84zi7kz88zgutz82zdr\"><b>Dati di contatto e\/o richieste di preventivi<\/b><\/span><\/div>\n<p>&nbsp;<\/p>\n<div><span class=\" author-d-4z65zz66zl57z75zyiz66zfr2fz87zwz89znujekz89z6tc7z71zoz87z7z82z33rjz67zqz84zi7kz88zgutz82zdr\">Segnaliamo che se siete gi\u00e0 nostri clienti, potremo inviare comunicazioni commerciali relative a servizi e prodotti del Titolare analoghi a quelli di cui l&#8217;utente ha gi\u00e0 usufruito, salvo dissenso.<\/span><\/div>\n<div><span class=\" author-d-4z65zz66zl57z75zyiz66zfr2fz87zwz89znujekz89z6tc7z71zoz87z7z82z33rjz67zqz84zi7kz88zgutz82zdr\">Comunichiamo che in ogni momento l&#8217;utente potr\u00e0 recedere dal consenso comunicando la sua intenzione a negare il consenso precedentemente prestato attraverso comunicazione scritta al Titolare del trattamento con le modalit\u00e0 e agli indirizzi descritti in calce alla presente policy.<\/span><\/div>\n<div><span class=\" author-d-4z65zz66zl57z75zyiz66zfr2fz87zwz89znujekz89z6tc7z71zoz87z7z82z33rjz67zqz84zi7kz88zgutz82zdr\">Cookie e altri sistemi di tracciamento<\/span><\/div>\n<div><span class=\" author-d-4z65zz66zl57z75zyiz66zfr2fz87zwz89znujekz89z6tc7z71zoz87z7z82z33rjz67zqz84zi7kz88zgutz82zdr\">Non viene fatto uso di cookie per la profilazione degli utenti, n\u00e9 vengono impiegati altri metodi di tracciamento. Viene invece fatto uso di cookie non di profilazione, come dettagliatamente descritto sulla cookie policy disponibile al seguente link:<\/span><\/div>\n<div><\/div>\n<div>\n<p><span class=\"highlight attrlink url author-d-4z65zz66zl57z75zyiz66zfr2fz87zwz89znujekz89z6tc7z71zoz87z7z82z33rjz67zqz84zi7kz88zgutz82zdr\" data-highlight-color=\"#F7CC62\"><a class=\"attrlink\" href=\"http:\/\/icl-spa.it\/en\/cookie-policy\/\" target=\"_blank\" rel=\"noreferrer nofollow noopener\" data-target-href=\"#\">Leggi Cookie Policy<\/a><\/span><\/p>\n<div><\/div>\n<div><span class=\" author-d-4z65zz66zl57z75zyiz66zfr2fz87zwz89znujekz89z6tc7z71zoz87z7z82z33rjz67zqz84zi7kz88zgutz82zdr\">La memorizzazione dei cookie di sessione nei terminali o nei browser \u00e8 sotto il controllo dell&#8217;utente.<\/span><\/div>\n<div><span class=\" author-d-4z65zz66zl57z75zyiz66zfr2fz87zwz89znujekz89z6tc7z71zoz87z7z82z33rjz67zqz84zi7kz88zgutz82zdr\">TRATTAMENTO DEI DATI DEL MINORE DI 16 ANNI<\/span><\/div>\n<div><span class=\" author-d-4z65zz66zl57z75zyiz66zfr2fz87zwz89znujekz89z6tc7z71zoz87z7z82z33rjz67zqz84zi7kz88zgutz82zdr\">Ove il minore abbia un\u2019et\u00e0 inferiore ai 16 anni, tale trattamento \u00e8 lecito soltanto se e nella misura in cui tale consenso \u00e8 prestato o autorizzato dal titolare della potest\u00e0 genitoriale.\u00a0<\/span><\/div>\n<div><span class=\" author-d-4z65zz66zl57z75zyiz66zfr2fz87zwz89znujekz89z6tc7z71zoz87z7z82z33rjz67zqz84zi7kz88zgutz82zdr\">Il presupposto indefettibile \u00e8 che il soggetto che conferisce il consenso abbia la capacit\u00e0 giuridica per farlo.<\/span><\/div>\n<div><span class=\" author-d-4z65zz66zl57z75zyiz66zfr2fz87zwz89znujekz89z6tc7z71zoz87z7z82z33rjz67zqz84zi7kz88zgutz82zdr\">DESTINATARI, ACCESSO E COMUNICAZIONE DEI DATI<\/span><\/div>\n<div><span class=\" author-d-4z65zz66zl57z75zyiz66zfr2fz87zwz89znujekz89z6tc7z71zoz87z7z82z33rjz67zqz84zi7kz88zgutz82zdr\">I dati personali raccolti sono altres\u00ec trattati dal personale autorizzato del Titolare, che agisce sulla base di specifiche istruzioni fornite in ordine a finalit\u00e0 e modalit\u00e0 del trattamento medesimo. I dati personali raccolti possono essere trattati da societ\u00e0 terze o altri soggetti<\/span> <span class=\" author-d-4z65zz66zl57z75zyiz66zfr2fz87zwz89znujekz89z6tc7z71zoz87z7z82z33rjz67zqz84zi7kz88zgutz82zdr h-lparen\">(a<\/span><span class=\" author-d-4z65zz66zl57z75zyiz66zfr2fz87zwz89znujekz89z6tc7z71zoz87z7z82z33rjz67zqz84zi7kz88zgutz82zdr\"> titolo indicativo, studi professionali, consulenti, Internet Service Provider, etc.) che svolgono attivit\u00e0 in outsourcing per conto del Titolare, nella loro qualit\u00e0 di responsabili esterni del trattamento. Senza la necessit\u00e0 di un espresso consenso i dati dell&#8217;utente potranno essere comunicati in ottemperanza agli obblighi di legge che prevedono l&#8217;accesso ai dati da parte di autorit\u00e0 di controllo. <\/span><span class=\" author-d-4z65zz66zl57z75zyiz66zfr2fz87zwz89znujekz89z6tc7z71zoz87z7z82z33rjz67zqz84zi7kz88zgutz82zdr\"><b>I dati dell&#8217;utente non saranno diffusi<\/b><\/span><span class=\" author-d-4z65zz66zl57z75zyiz66zfr2fz87zwz89znujekz89z6tc7z71zoz87z7z82z33rjz67zqz84zi7kz88zgutz82zdr\">.<\/span><\/div>\n<div><span class=\" author-d-4z65zz66zl57z75zyiz66zfr2fz87zwz89znujekz89z6tc7z71zoz87z7z82z33rjz67zqz84zi7kz88zgutz82zdr\">UBICAZIONE E SICUREZZA DEI DATI<\/span><\/div>\n<div><span class=\" author-d-4z65zz66zl57z75zyiz66zfr2fz87zwz89znujekz89z6tc7z71zoz87z7z82z33rjz67zqz84zi7kz88zgutz82zdr\">I dati possono essere conservati su server ubicati in Italia, all\u2019interno dell\u2019Unione Europea, presso Internet Service Provider selezionati e certificati.<\/span><\/div>\n<div><span class=\" author-d-4z65zz66zl57z75zyiz66zfr2fz87zwz89znujekz89z6tc7z71zoz87z7z82z33rjz67zqz84zi7kz88zgutz82zdr\">Adottiamo misure di sicurezza di natura fisica, elettronica e procedurale in conformit\u00e0 ai nostri obblighi di legge per proteggere le informazioni.<\/span><\/div>\n<div><span class=\" author-d-4z65zz66zl57z75zyiz66zfr2fz87zwz89znujekz89z6tc7z71zoz87z7z82z33rjz67zqz84zi7kz88zgutz82zdr\">Per maggiori informazioni sulla sicurezza, incluse le misure di protezione adottate in sede pu\u00f2 contattare il Titolare.<\/span><\/div>\n<div><span class=\" author-d-4z65zz66zl57z75zyiz66zfr2fz87zwz89znujekz89z6tc7z71zoz87z7z82z33rjz67zqz84zi7kz88zgutz82zdr\">CONSERVAZIONE DEI DATI<\/span><\/div>\n<div><span class=\" author-d-4z65zz66zl57z75zyiz66zfr2fz87zwz89znujekz89z6tc7z71zoz87z7z82z33rjz67zqz84zi7kz88zgutz82zdr\">Il Titolare tratter\u00e0 i dati personali per il tempo necessario per adempiere alle finalit\u00e0 di cui sopra e anche successivamente in adempimento degli obblighi di legge in materia di conservazione delle scritture contabili.\u00a0<\/span><\/div>\n<div><span class=\" author-d-4z65zz66zl57z75zyiz66zfr2fz87zwz89znujekz89z6tc7z71zoz87z7z82z33rjz67zqz84zi7kz88zgutz82zdr\">Per il trattamento per finalit\u00e0 di marketing i dati verranno conservati a partire dalla data del consenso, sino a disdetta esplicita.<\/span><\/div>\n<div><span class=\" author-d-4z65zz66zl57z75zyiz66zfr2fz87zwz89znujekz89z6tc7z71zoz87z7z82z33rjz67zqz84zi7kz88zgutz82zdr\">Tutte le informazioni non rientranti, anche se liberamente fornite, nei trattamenti esplicitati nel presente documento o concordati con l&#8217;interessato, verranno cancellati immediatamente e non verr\u00e0 conservata alcuna copia.<\/span><\/div>\n<div><span class=\" author-d-4z65zz66zl57z75zyiz66zfr2fz87zwz89znujekz89z6tc7z71zoz87z7z82z33rjz67zqz84zi7kz88zgutz82zdr\">TRASFERIMENTO DEI DATI<\/span><\/div>\n<div><span class=\" author-d-4z65zz66zl57z75zyiz66zfr2fz87zwz89znujekz89z6tc7z71zoz87z7z82z33rjz67zqz84zi7kz88zgutz82zdr\">I dati raccolti dal Titolare, tramite i suoi siti web, non sono oggetto di trasferimento n\u00e9 di divulgazione.<\/span><\/div>\n<div><span class=\" author-d-4z65zz66zl57z75zyiz66zfr2fz87zwz89znujekz89z6tc7z71zoz87z7z82z33rjz67zqz84zi7kz88zgutz82zdr\">DIRITTI DEGLI INTERESSATI<\/span><\/div>\n<div><span class=\" author-d-4z65zz66zl57z75zyiz66zfr2fz87zwz89znujekz89z6tc7z71zoz87z7z82z33rjz67zqz84zi7kz88zgutz82zdr\">Gli interessati hanno il diritto di ottenere dal Titolare, nei casi previsti, l&#8217;accesso ai dati personali e la rettifica o la cancellazione degli stessi o la limitazione del trattamento che li riguarda o di opporsi al trattamento<\/span> <span class=\" author-d-4z65zz66zl57z75zyiz66zfr2fz87zwz89znujekz89z6tc7z71zoz87z7z82z33rjz67zqz84zi7kz88zgutz82zdr h-lparen\">(artt.<\/span><span class=\" author-d-4z65zz66zl57z75zyiz66zfr2fz87zwz89znujekz89z6tc7z71zoz87z7z82z33rjz67zqz84zi7kz88zgutz82zdr\"> 15 e ss. del Regolamento).<\/span><\/div>\n<div><span class=\" author-d-4z65zz66zl57z75zyiz66zfr2fz87zwz89znujekz89z6tc7z71zoz87z7z82z33rjz67zqz84zi7kz88zgutz82zdr\">DIRITTO DI RECLAMO<\/span><\/div>\n<div><span class=\" author-d-4z65zz66zl57z75zyiz66zfr2fz87zwz89znujekz89z6tc7z71zoz87z7z82z33rjz67zqz84zi7kz88zgutz82zdr\">Gli interessati che ritengono che il trattamento dei dati personali a loro riferiti effettuato attraverso questo sito avvenga in violazione di quanto previsto dal Regolamento hanno il diritto di proporre reclamo al Garante, come previsto dall&#8217;art. 77 del Regolamento stesso, o di adire le opportune sedi giudiziarie<\/span> <span class=\" author-d-4z65zz66zl57z75zyiz66zfr2fz87zwz89znujekz89z6tc7z71zoz87z7z82z33rjz67zqz84zi7kz88zgutz82zdr h-lparen\">(art.<\/span><span class=\" author-d-4z65zz66zl57z75zyiz66zfr2fz87zwz89znujekz89z6tc7z71zoz87z7z82z33rjz67zqz84zi7kz88zgutz82zdr\"> 79 del Regolamento).<\/span><\/div>\n<div><span class=\" author-d-4z65zz66zl57z75zyiz66zfr2fz87zwz89znujekz89z6tc7z71zoz87z7z82z33rjz67zqz84zi7kz88zgutz82zdr\">MODALITA\u2019 DI COMUNICAZIONE<\/span><\/div>\n<div><span class=\" author-d-4z65zz66zl57z75zyiz66zfr2fz87zwz89znujekz89z6tc7z71zoz87z7z82z33rjz67zqz84zi7kz88zgutz82zdr\">Gli utenti che necessitino ulteriori informazioni relative al trattamento dei dati personali effettuato dal Titolare o che intendano far valere i diritti sopra esposti possono farlo nelle modalit\u00e0 descritte di seguito:<\/span><\/div>\n<ul class=\"listtype-bullet listindent1 list-bullet1\">\n<li><span class=\" author-d-4z65zz66zl57z75zyiz66zfr2fz87zwz89znujekz89z6tc7z71zoz87z7z82z33rjz67zqz84zi7kz88zgutz82zdr\">una raccomandata a.r. a<\/span>\n<div><span class=\" author-d-4z65zz66zl57z75zyiz66zfr2fz87zwz89znujekz89z6tc7z71zoz87z7z82z33rjz67zqz84zi7kz88zgutz82zdr\">ICL Spa<\/span><\/div>\n<div><span class=\" author-d-4z65zz66zl57z75zyiz66zfr2fz87zwz89znujekz89z6tc7z71zoz87z7z82z33rjz67zqz84zi7kz88zgutz82zdr\">VIA DELLE CHIUSE, 9\u00a0<\/span><\/div>\n<div><span class=\" author-d-4z65zz66zl57z75zyiz66zfr2fz87zwz89znujekz89z6tc7z71zoz87z7z82z33rjz67zqz84zi7kz88zgutz82zdr\">SANT&#8217;AMBROGIO 10057<\/span> <span class=\" author-d-4z65zz66zl57z75zyiz66zfr2fz87zwz89znujekz89z6tc7z71zoz87z7z82z33rjz67zqz84zi7kz88zgutz82zdr h-lparen\">(TO)<\/span><\/div>\n<\/li>\n<\/ul>\n<ul class=\"listtype-bullet listindent1 list-bullet1\">\n<li><span class=\" author-d-4z65zz66zl57z75zyiz66zfr2fz87zwz89znujekz89z6tc7z71zoz87z7z82z33rjz67zqz84zi7kz88zgutz82zdr\">una e-mail all\u2019indirizzo <\/span>: <span class=\"attrlink url author-d-4z65zz66zl57z75zyiz66zfr2fz87zwz89znujekz89z6tc7z71zoz87z7z82z33rjz67zqz84zi7kz88zgutz82zdr\"><a class=\"attrlink\" href=\"mailto:icl-spa@pecsicuro.it\" target=\"_blank\" rel=\"noreferrer nofollow noopener\" data-target-href=\"mailto:icl-spa@pecsicuro.it\">icl-spa@pecsicuro.it<\/a><\/span><\/li>\n<\/ul>\n<div>\n<hr \/>\n<\/div>\n<div><\/div>\n<\/div>\n","protected":false},"excerpt":{"rendered":"<p>Privacy Policy INFORMAZIONI SUL TRATTAMENTO DEI DATI PERSONALI degli utenti che consultano i siti web di ICL SRL ai sensi dell&#8217;articolo 13 del Regolamento (UE) 2016\/679 AMBITO DI APPLICAZIONE Ai sensi del Regolamento (UE) 2016\/679 (di seguito &#8220;Regolamento&#8221;), questa informativa descrive le modalit\u00e0 di trattamento dei dati personali degli utenti che consultano i siti web [&hellip;]<\/p>\n","protected":false},"author":1,"featured_media":0,"parent":0,"menu_order":0,"comment_status":"closed","ping_status":"closed","template":"","meta":{"footnotes":""},"class_list":["post-2525","page","type-page","status-publish","hentry"],"_links":{"self":[{"href":"https:\/\/icl-spa.it\/en\/wp-json\/wp\/v2\/pages\/2525","targetHints":{"allow":["GET"]}}],"collection":[{"href":"https:\/\/icl-spa.it\/en\/wp-json\/wp\/v2\/pages"}],"about":[{"href":"https:\/\/icl-spa.it\/en\/wp-json\/wp\/v2\/types\/page"}],"author":[{"embeddable":true,"href":"https:\/\/icl-spa.it\/en\/wp-json\/wp\/v2\/users\/1"}],"replies":[{"embeddable":true,"href":"https:\/\/icl-spa.it\/en\/wp-json\/wp\/v2\/comments?post=2525"}],"version-history":[{"count":10,"href":"https:\/\/icl-spa.it\/en\/wp-json\/wp\/v2\/pages\/2525\/revisions"}],"predecessor-version":[{"id":2936,"href":"https:\/\/icl-spa.it\/en\/wp-json\/wp\/v2\/pages\/2525\/revisions\/2936"}],"wp:attachment":[{"href":"https:\/\/icl-spa.it\/en\/wp-json\/wp\/v2\/media?parent=2525"}],"curies":[{"name":"wp","href":"https:\/\/api.w.org\/{rel}","templated":true}]}}