{"id":2473,"date":"2014-07-09T16:04:43","date_gmt":"2014-07-09T16:04:43","guid":{"rendered":"http:\/\/icl-spa.it\/azienda\/"},"modified":"2021-07-15T19:36:42","modified_gmt":"2021-07-15T17:36:42","slug":"entreprise","status":"publish","type":"page","link":"https:\/\/icl-spa.it\/fr\/entreprise\/","title":{"rendered":"Entreprise"},"content":{"rendered":"<div id='layer_slider_1'  class='avia-layerslider main_color avia-shadow  avia-builder-el-0  el_before_av_layout_row  avia-builder-el-first  container_wrap sidebar_right'  style='height: 721px;'  ><\/div>\n<div id='av-layout-grid-1'  class='av-layout-grid-container av-1e3i-8e8a8f835fb47446da3d06a8354e5c41 entry-content-wrapper main_color av-flex-cells  avia-builder-el-1  el_after_av_layerslider  el_before_av_layout_row  grid-row-not-first  container_wrap sidebar_right'  >\n\n<style type=\"text\/css\" data-created_by=\"avia_inline_auto\" id=\"style-css-av-3idv6-b0987c822c396a8845f1a8c373f91973\">\n.flex_cell.av-3idv6-b0987c822c396a8845f1a8c373f91973{\nvertical-align:top;\nbackground-color:#1b6bac;\n}\n.responsive #top #wrap_all .flex_cell.av-3idv6-b0987c822c396a8845f1a8c373f91973{\npadding:0px 0px 0px 0px !important;\n}\n<\/style>\n<div class='flex_cell av-3idv6-b0987c822c396a8845f1a8c373f91973 av-gridrow-cell av_one_full no_margin  avia-builder-el-2  avia-builder-el-no-sibling  content-align-top av-zero-padding'  ><div class='flex_cell_inner'><p>\n<style type=\"text\/css\" data-created_by=\"avia_inline_auto\" id=\"style-css-av-2hm6e-c0eaf28f0ebb3c7df7edcaae789018c3\">\n.flex_column.av-2hm6e-c0eaf28f0ebb3c7df7edcaae789018c3{\nborder-radius:0px 0px 0px 0px;\npadding:80px 0px 0px 30px;\n}\n<\/style>\n<div  class='flex_column av-2hm6e-c0eaf28f0ebb3c7df7edcaae789018c3 av_one_fifth  avia-builder-el-3  el_before_av_three_fifth  avia-builder-el-first  first flex_column_div  '     ><\/div>\n<style type=\"text\/css\" data-created_by=\"avia_inline_auto\" id=\"style-css-av-8hqa-531b589f7129175fb5fd11ced69551c2\">\n.flex_column.av-8hqa-531b589f7129175fb5fd11ced69551c2{\nborder-radius:0px 0px 0px 0px;\npadding:80px 0px 0px 30px;\n}\n<\/style>\n<div  class='flex_column av-8hqa-531b589f7129175fb5fd11ced69551c2 av_three_fifth  avia-builder-el-4  el_after_av_one_fifth  el_before_av_one_fifth  flex_column_div  '     ><section  class='av_textblock_section av-57fy-77994f1b2e0f2f115592345333478e7b '   itemscope=\"itemscope\" itemtype=\"https:\/\/schema.org\/CreativeWork\" ><div class='avia_textblock'  itemprop=\"text\" ><h4 style=\"text-align: center; color: #ffffff;\">Nous op\u00e9rons sur deux \u00e9tablissements<\/h4>\n<h1 style=\"text-align: center; color: #ffffff;\">Notre activit\u00e9 principale est la coupe de diff\u00e9rents types de bobines et bandes refendues<\/h1>\n<\/div><\/section><\/div>\n<style type=\"text\/css\" data-created_by=\"avia_inline_auto\" id=\"style-css-av-43ju-2475b928f7194e1b39259da612eb53ff\">\n.flex_column.av-43ju-2475b928f7194e1b39259da612eb53ff{\nborder-radius:0px 0px 0px 0px;\npadding:80px 0px 0px 30px;\n}\n<\/style>\n<div  class='flex_column av-43ju-2475b928f7194e1b39259da612eb53ff av_one_fifth  avia-builder-el-6  el_after_av_three_fifth  avia-builder-el-last  flex_column_div  '     ><\/div><\/p>\n<\/div><\/div>\n<\/div>\n<div id='av-layout-grid-2'  class='av-layout-grid-container av-kp3rolfk-5f912129e6d912bb0981969742416bed entry-content-wrapper main_color av-flex-cells av-break-at-tablet  avia-builder-el-7  el_after_av_layout_row  el_before_av_layout_row  grid-row-not-first  container_wrap sidebar_right'  >\n\n<style type=\"text\/css\" data-created_by=\"avia_inline_auto\" id=\"style-css-av-4z5xy-d2107b024333cd98f973d89c8e6c35d9\">\n.flex_cell.av-4z5xy-d2107b024333cd98f973d89c8e6c35d9{\nvertical-align:top;\n}\n.responsive #top #wrap_all .flex_cell.av-4z5xy-d2107b024333cd98f973d89c8e6c35d9{\npadding:30px 30px 30px 30px !important;\n}\n<\/style>\n<div class='flex_cell av-4z5xy-d2107b024333cd98f973d89c8e6c35d9 av-gridrow-cell av_one_half no_margin  avia-builder-el-8  el_before_av_cell_one_half  avia-builder-el-first  bg-1px-repeat content-align-top'  ><div class='flex_cell_inner'><p>\n<style type=\"text\/css\" data-created_by=\"avia_inline_auto\" id=\"style-css-av-4ms9i-0b6fb16c91f7c86b0fc44d0ad7511e37\">\n#top .flex_column.av-4ms9i-0b6fb16c91f7c86b0fc44d0ad7511e37{\nmargin-top:50px;\nmargin-bottom:0px;\n}\n.flex_column.av-4ms9i-0b6fb16c91f7c86b0fc44d0ad7511e37{\nborder-radius:0px 0px 0px 0px;\npadding:0px 0px 0px 0px;\n}\n.responsive #top #wrap_all .flex_column.av-4ms9i-0b6fb16c91f7c86b0fc44d0ad7511e37{\nmargin-top:50px;\nmargin-bottom:0px;\n}\n<\/style>\n<div  class='flex_column av-4ms9i-0b6fb16c91f7c86b0fc44d0ad7511e37 av_one_full  avia-builder-el-9  el_before_av_one_half  avia-builder-el-first  first flex_column_div av-zero-column-padding  '     ><section  class='av_textblock_section av-3xzim-23653dc5bde86714353241607a447e9a '   itemscope=\"itemscope\" itemtype=\"https:\/\/schema.org\/CreativeWork\" ><div class='avia_textblock'  itemprop=\"text\" ><h1>Etablissement de Sant&rsquo;Ambrogio (To) &#8211; Italie<\/h1>\n<h4>est d\u2019environ 50.000 m\u00e8tres carr\u00e9s et comprend les usines de production (12.000 m\u00b2), le d\u00e9partement de contr\u00f4le de la qualit\u00e9, la logistique, ainsi que les bureaux commerciales, et les stocks entrep\u00f4t (capacit\u00e9 30.000 tonnes).<\/h4>\n<p style=\"font-size: 16px; font-weight: 300;\">\u00c0 S.Ambrogio se situent les machines pour la coupure sur les lignes de longueur, ainsi que les lignes de refendage.<\/p>\n<\/div><\/section><\/div><div  class='flex_column av-c6oe-7128632cc54750835678c0b31ad1034a av_one_half  avia-builder-el-11  el_after_av_one_full  el_before_av_one_half  first flex_column_div  column-top-margin'     ><style type=\"text\/css\" data-created_by=\"avia_inline_auto\" id=\"style-css-av-8wp6-558c2cd35dd9414da838443a87178443\">\n#top .avia-animated-number.av-8wp6-558c2cd35dd9414da838443a87178443 .avia-animated-number-title{\nfont-size:35px;\n}\n<\/style>\n<div  class=\"avia-animated-number av-8wp6-558c2cd35dd9414da838443a87178443 av-force-default-color avia_animate_when_visible  avia-builder-el-12  avia-builder-el-no-sibling  stile-numeri \" data-timer=\"3000\"><strong class=\"heading avia-animated-number-title\"><span class=\"avia-single-number __av-single-number\" data-number_format=\"\" data-number=\"50\" data-start_from=\"0\">50<\/span><span class=\"avia-no-number\">.<\/span><span class=\"avia-single-number __av-single-number\" data-number_format=\"\" data-number=\"000\" data-start_from=\"0\">000<\/span><\/strong><div class=\"avia-animated-number-content\"><p>m\u00b2<\/p>\n<\/div><\/div><\/div><div  class='flex_column av-p6a-487060a00fc729db3fc717b8d42c9b44 av_one_half  avia-builder-el-13  el_after_av_one_half  avia-builder-el-last  flex_column_div  column-top-margin'     ><div  class=\"avia-animated-number av-1iruu-5f46333b1b5833822fd3a0a56afecbbf av-force-default-color avia_animate_when_visible  avia-builder-el-14  avia-builder-el-no-sibling  \" data-timer=\"3000\"><strong class=\"heading avia-animated-number-title\"><span class=\"avia-single-number __av-single-number\" data-number_format=\"\" data-number=\"12\" data-start_from=\"0\">12<\/span><span class=\"avia-no-number\">.<\/span><span class=\"avia-single-number __av-single-number\" data-number_format=\"\" data-number=\"000\" data-start_from=\"0\">000<\/span><\/strong><div class=\"avia-animated-number-content\"><p>m\u00b2<\/p>\n<\/div><\/div><\/div><\/p>\n<\/div><\/div>\n<style type=\"text\/css\" data-created_by=\"avia_inline_auto\" id=\"style-css-av-151py-646b9e515a0436ca4958d43d28d74660\">\n.flex_cell.av-151py-646b9e515a0436ca4958d43d28d74660{\nvertical-align:top;\nbackground:url(https:\/\/icl-spa.it\/wp-content\/uploads\/2021\/05\/DSC_0683-scaled-1-1030x684.png) 50% 50% no-repeat scroll ;\n}\n.responsive #top #wrap_all .flex_cell.av-151py-646b9e515a0436ca4958d43d28d74660{\npadding:0px 0px 0px 0px !important;\n}\n<\/style>\n<div class='flex_cell av-151py-646b9e515a0436ca4958d43d28d74660 av-gridrow-cell av_one_half no_margin  avia-builder-el-15  el_after_av_cell_one_half  avia-builder-el-last  content-align-top av-zero-padding avia-full-stretch'  ><div class='flex_cell_inner'>\n<style type=\"text\/css\" data-created_by=\"avia_inline_auto\" id=\"style-css-av-xrga-1c4929526d8e8e8761758362d802288e\">\n#top .hr.hr-invisible.av-xrga-1c4929526d8e8e8761758362d802288e{\nheight:600px;\n}\n<\/style>\n<div  class='hr av-xrga-1c4929526d8e8e8761758362d802288e hr-invisible  avia-builder-el-16  avia-builder-el-no-sibling '><span class='hr-inner '><span class=\"hr-inner-style\"><\/span><\/span><\/div>\n<\/div><\/div><\/div><div id='av-layout-grid-3'  class='av-layout-grid-container av-5kdai-e510ce62fd87292d61bc06cc1ae467b4 entry-content-wrapper main_color av-flex-cells av-break-at-tablet  avia-builder-el-17  el_after_av_layout_row  el_before_av_layout_row  grid-row-not-first  container_wrap sidebar_right'  >\n\n<style type=\"text\/css\" data-created_by=\"avia_inline_auto\" id=\"style-css-av-4zcyq-516420d31e51191a2abb0e824be9f70e\">\n.flex_cell.av-4zcyq-516420d31e51191a2abb0e824be9f70e{\nvertical-align:top;\nbackground:url(https:\/\/icl-spa.it\/wp-content\/uploads\/2021\/05\/DSC_0683-scaled-1.png) 50% 50% no-repeat scroll ;\n}\n.responsive #top #wrap_all .flex_cell.av-4zcyq-516420d31e51191a2abb0e824be9f70e{\npadding:0px 0px 0px 0px !important;\n}\n<\/style>\n<div class='flex_cell av-4zcyq-516420d31e51191a2abb0e824be9f70e av-gridrow-cell av_one_half no_margin  avia-builder-el-18  el_before_av_cell_one_half  avia-builder-el-first  content-align-top av-zero-padding avia-full-stretch'  ><div class='flex_cell_inner'>\n<style type=\"text\/css\" data-created_by=\"avia_inline_auto\" id=\"style-css-av-yr0u-0a57831837bacd6ea5b73fd72d35d4ce\">\n#top .hr.hr-invisible.av-yr0u-0a57831837bacd6ea5b73fd72d35d4ce{\nheight:600px;\n}\n<\/style>\n<div  class='hr av-yr0u-0a57831837bacd6ea5b73fd72d35d4ce hr-invisible  avia-builder-el-19  avia-builder-el-no-sibling '><span class='hr-inner '><span class=\"hr-inner-style\"><\/span><\/span><\/div>\n<\/div><\/div>\n<style type=\"text\/css\" data-created_by=\"avia_inline_auto\" id=\"style-css-av-4pbuq-6ba8cfa7387da3659d300e864158cfc0\">\n.flex_cell.av-4pbuq-6ba8cfa7387da3659d300e864158cfc0{\nvertical-align:top;\n}\n.responsive #top #wrap_all .flex_cell.av-4pbuq-6ba8cfa7387da3659d300e864158cfc0{\npadding:30px 30px 80px 30px !important;\n}\n<\/style>\n<div class='flex_cell av-4pbuq-6ba8cfa7387da3659d300e864158cfc0 av-gridrow-cell av_one_half no_margin  avia-builder-el-20  el_after_av_cell_one_half  avia-builder-el-last  content-align-top'  ><div class='flex_cell_inner'><p>\n<style type=\"text\/css\" data-created_by=\"avia_inline_auto\" id=\"style-css-av-en3q-a4b9a512262b8e4265f2aace8fb1936f\">\n#top .flex_column.av-en3q-a4b9a512262b8e4265f2aace8fb1936f{\nmargin-top:50px;\nmargin-bottom:0px;\n}\n.flex_column.av-en3q-a4b9a512262b8e4265f2aace8fb1936f{\nborder-radius:0px 0px 0px 0px;\npadding:0px 0px 0px 0px;\n}\n.responsive #top #wrap_all .flex_column.av-en3q-a4b9a512262b8e4265f2aace8fb1936f{\nmargin-top:50px;\nmargin-bottom:0px;\n}\n<\/style>\n<div  class='flex_column av-en3q-a4b9a512262b8e4265f2aace8fb1936f av_one_full  avia-builder-el-21  el_before_av_one_half  avia-builder-el-first  first flex_column_div av-zero-column-padding  '     ><section  class='av_textblock_section av-33gli-0f6d465edaa43c2f64a57a89ace675c5 '   itemscope=\"itemscope\" itemtype=\"https:\/\/schema.org\/CreativeWork\" ><div class='avia_textblock'  itemprop=\"text\" ><h1>Etablissement de Battipaglia (SA), dans le sud d\u2019Italie<\/h1>\n<h4>La m\u00eame activit\u00e9 Centre de Service se r\u00e9alise ici\u00a0: coupure, refendage et entrep\u00f4t, m\u00eame pour compte de tiers.<\/h4>\n<p style=\"font-size: 16px; font-weight: 300;\">Il s\u2019agite d\u2019environ 12.000 m\u00b2 en plain aire et de plus de 6.000 m\u00b2 d\u2019usines production. La position est strat\u00e9gique pour satisfaire les requ\u00eates de nos nombreux clients situ\u00e9s en Campania et r\u00e9gions \u00e0 proximit\u00e9.<\/p>\n<\/div><\/section><\/div><div  class='flex_column av-2rl1u-6de822f1d1aed5b95b90592f56610598 av_one_half  avia-builder-el-23  el_after_av_one_full  el_before_av_one_half  first flex_column_div  column-top-margin'     ><div  class=\"avia-animated-number av-27b6u-0c02940466c49719f34435ebc968f354 av-force-default-color avia_animate_when_visible  avia-builder-el-24  avia-builder-el-no-sibling  \" data-timer=\"3000\"><strong class=\"heading avia-animated-number-title\"><span class=\"avia-single-number __av-single-number\" data-number_format=\"\" data-number=\"12\" data-start_from=\"0\">12<\/span><span class=\"avia-no-number\">.<\/span><span class=\"avia-single-number __av-single-number\" data-number_format=\"\" data-number=\"000\" data-start_from=\"0\">000<\/span><\/strong><div class=\"avia-animated-number-content\"><p>m\u00b2<\/p>\n<\/div><\/div><\/div><div  class='flex_column av-1jedy-6e273e76fa4227b88721124511a5912d av_one_half  avia-builder-el-25  el_after_av_one_half  avia-builder-el-last  flex_column_div  column-top-margin'     ><div  class=\"avia-animated-number av-tzne-bd3d282cbbc3dc2e347f99ac8b4ef1dc av-force-default-color avia_animate_when_visible  avia-builder-el-26  avia-builder-el-no-sibling  \" data-timer=\"3000\"><strong class=\"heading avia-animated-number-title\"><span class=\"avia-single-number __av-single-number\" data-number_format=\"\" data-number=\"6\" data-start_from=\"0\">6<\/span><span class=\"avia-no-number\">.<\/span><span class=\"avia-single-number __av-single-number\" data-number_format=\"\" data-number=\"000\" data-start_from=\"0\">000<\/span><span class=\"avia-no-number\"> <\/span><\/strong><div class=\"avia-animated-number-content\"><p>m\u00b2<\/p>\n<\/div><\/div><\/div><\/p>\n<\/div><\/div><\/div><div id='av-layout-grid-4'  class='av-layout-grid-container av-rfae-083053d9a9d84b98c7532ac5a105b6a7 entry-content-wrapper main_color av-flex-cells  avia-builder-el-27  el_after_av_layout_row  avia-builder-el-last  grid-row-not-first  container_wrap sidebar_right'  >\n\n<style type=\"text\/css\" data-created_by=\"avia_inline_auto\" id=\"style-css-av-koy4toso-7e650394e080368db92b69522df945cc\">\n.flex_cell.av-koy4toso-7e650394e080368db92b69522df945cc{\nvertical-align:top;\nbackground-color:#1b6bac;\n}\n.responsive #top #wrap_all .flex_cell.av-koy4toso-7e650394e080368db92b69522df945cc{\npadding:30px 0px 30px 30px !important;\n}\n<\/style>\n<div class='flex_cell av-koy4toso-7e650394e080368db92b69522df945cc av-gridrow-cell av_one_full no_margin  avia-builder-el-28  avia-builder-el-no-sibling  content-align-top'  ><div class='flex_cell_inner'><p>\n<style type=\"text\/css\" data-created_by=\"avia_inline_auto\" id=\"style-css-av-20gyy-ff476ec648b497b1e44ed8353fdf3e54\">\n.flex_column.av-20gyy-ff476ec648b497b1e44ed8353fdf3e54{\nborder-radius:0px 0px 0px 0px;\npadding:80px 0px 0px 30px;\n}\n<\/style>\n<div  class='flex_column av-20gyy-ff476ec648b497b1e44ed8353fdf3e54 av_one_fifth  avia-builder-el-29  el_before_av_three_fifth  avia-builder-el-first  first flex_column_div  '     ><\/div>\n<style type=\"text\/css\" data-created_by=\"avia_inline_auto\" id=\"style-css-av-194pm-16a9618d5e34909c04c58ae4b17d8732\">\n.flex_column.av-194pm-16a9618d5e34909c04c58ae4b17d8732{\nborder-radius:0px 0px 0px 0px;\npadding:15px 0px 0px 30px;\n}\n<\/style>\n<div  class='flex_column av-194pm-16a9618d5e34909c04c58ae4b17d8732 av_three_fifth  avia-builder-el-30  el_after_av_one_fifth  el_before_av_one_fifth  flex_column_div  '     ><section  class='av_textblock_section av-13edu-b36892304c8976883b80be7fe5e4d5f0 '   itemscope=\"itemscope\" itemtype=\"https:\/\/schema.org\/CreativeWork\" ><div class='avia_textblock'  itemprop=\"text\" ><h1 style=\"text-align: center; color: #ffffff;\">Notre capacit\u00e9 de production actuelle est d&rsquo;environ 15.000 tonnes \/ mois entre les deux emplacements.<\/h1>\n<\/div><\/section><\/div>\n<style type=\"text\/css\" data-created_by=\"avia_inline_auto\" id=\"style-css-av-vf1e-1fa5dcdef5bbe00ca45a84c5586ca3d8\">\n.flex_column.av-vf1e-1fa5dcdef5bbe00ca45a84c5586ca3d8{\nborder-radius:0px 0px 0px 0px;\npadding:80px 0px 0px 30px;\n}\n<\/style>\n<div  class='flex_column av-vf1e-1fa5dcdef5bbe00ca45a84c5586ca3d8 av_one_fifth  avia-builder-el-32  el_after_av_three_fifth  avia-builder-el-last  flex_column_div  '     ><\/div><\/p>\n<\/div><\/div>\n<\/div><\/p>\n","protected":false},"excerpt":{"rendered":"","protected":false},"author":1,"featured_media":0,"parent":0,"menu_order":0,"comment_status":"closed","ping_status":"closed","template":"","meta":{"footnotes":""},"class_list":["post-2473","page","type-page","status-publish","hentry"],"_links":{"self":[{"href":"https:\/\/icl-spa.it\/fr\/wp-json\/wp\/v2\/pages\/2473","targetHints":{"allow":["GET"]}}],"collection":[{"href":"https:\/\/icl-spa.it\/fr\/wp-json\/wp\/v2\/pages"}],"about":[{"href":"https:\/\/icl-spa.it\/fr\/wp-json\/wp\/v2\/types\/page"}],"author":[{"embeddable":true,"href":"https:\/\/icl-spa.it\/fr\/wp-json\/wp\/v2\/users\/1"}],"replies":[{"embeddable":true,"href":"https:\/\/icl-spa.it\/fr\/wp-json\/wp\/v2\/comments?post=2473"}],"version-history":[{"count":9,"href":"https:\/\/icl-spa.it\/fr\/wp-json\/wp\/v2\/pages\/2473\/revisions"}],"predecessor-version":[{"id":2782,"href":"https:\/\/icl-spa.it\/fr\/wp-json\/wp\/v2\/pages\/2473\/revisions\/2782"}],"wp:attachment":[{"href":"https:\/\/icl-spa.it\/fr\/wp-json\/wp\/v2\/media?parent=2473"}],"curies":[{"name":"wp","href":"https:\/\/api.w.org\/{rel}","templated":true}]}}