{"id":2478,"date":"2021-05-23T22:18:17","date_gmt":"2021-05-23T20:18:17","guid":{"rendered":"http:\/\/icl-spa.it\/servizi\/"},"modified":"2021-07-07T15:01:37","modified_gmt":"2021-07-07T13:01:37","slug":"service","status":"publish","type":"page","link":"https:\/\/icl-spa.it\/fr\/service\/","title":{"rendered":"Service"},"content":{"rendered":"<div id='layer_slider_1'  class='avia-layerslider main_color avia-shadow  avia-builder-el-0  el_before_av_layout_row  avia-builder-el-first  container_wrap sidebar_right'  style='height: 721px;'  ><\/div>\n<div id='av-layout-grid-1'  class='av-layout-grid-container av-kp1mrhf6-ed2790433275fec9447dd4f1727fe6fc entry-content-wrapper main_color av-flex-cells  avia-builder-el-1  el_after_av_layerslider  el_before_av_layout_row  bg-griglia grid-row-not-first  container_wrap sidebar_right'  >\n<div class='flex_cell av-660d7v-75d750852ce20c2523ee110424639a3e av-gridrow-cell av_two_fifth no_margin  avia-builder-el-2  el_before_av_cell_two_fifth  avia-builder-el-first '  ><div class='flex_cell_inner'>\n<style type=\"text\/css\" data-created_by=\"avia_inline_auto\" id=\"style-css-av-3gvhvf-bd6592c3bc29b46c2d2c60b9f46c3d7e\">\n.flex_column.av-3gvhvf-bd6592c3bc29b46c2d2c60b9f46c3d7e{\nborder-radius:0px 0px 0px 0px;\npadding:295px 0px 0px 30px;\nbackground:url(https:\/\/icl-spa.it\/wp-content\/uploads\/2021\/05\/lamiera-284x300.png) 0% 0% no-repeat scroll ;\n}\n<\/style>\n<div  class='flex_column av-3gvhvf-bd6592c3bc29b46c2d2c60b9f46c3d7e av_one_full  avia-builder-el-3  avia-builder-el-no-sibling  first flex_column_div  '     ><\/div>\n<\/div><\/div><div class='flex_cell av-4e44kr-9a2ca396c680ddbf6b4d464be14e657e av-gridrow-cell av_two_fifth no_margin  avia-builder-el-4  el_after_av_cell_two_fifth  el_before_av_cell_one_fifth '  ><div class='flex_cell_inner'>\n<style type=\"text\/css\" data-created_by=\"avia_inline_auto\" id=\"style-css-av-vm0ekb-612923d3224be62e557830a9b8123ea7\">\n.flex_column.av-vm0ekb-612923d3224be62e557830a9b8123ea7{\nborder-radius:0px 0px 0px 0px;\npadding:80px 0px 0px 30px;\n}\n<\/style>\n<div  class='flex_column av-vm0ekb-612923d3224be62e557830a9b8123ea7 av_one_full  avia-builder-el-5  avia-builder-el-no-sibling  first flex_column_div  '     ><section  class='av_textblock_section av-uuctij-002cfc0ca370c27b2b5f61020fd8c44f '   itemscope=\"itemscope\" itemtype=\"https:\/\/schema.org\/CreativeWork\" ><div class='avia_textblock'  itemprop=\"text\" ><h1 style=\"text-align: center; color: #ffffff;\">I.C.L. s&rsquo;engage au maximum afin de donner les meilleurs produits de qualit&eacute;, l&rsquo;assistance technique,<\/h1>\n<h4 style=\"text-align: center; color: #ffffff;\">ainsi que les livraisons de la mani\u00e8re la plus rapide.<\/h4>\n<\/div><\/section><\/div>\n<\/div><\/div>\n<style type=\"text\/css\" data-created_by=\"avia_inline_auto\" id=\"style-css-av-24l0zv-4f2a51f4dfbbfa43c49b4fa0664177e8\">\n.flex_cell.av-24l0zv-4f2a51f4dfbbfa43c49b4fa0664177e8{\nvertical-align:top;\n}\n.responsive #top #wrap_all .flex_cell.av-24l0zv-4f2a51f4dfbbfa43c49b4fa0664177e8{\npadding:30px 30px 30px 30px !important;\n}\n<\/style>\n<div class='flex_cell av-24l0zv-4f2a51f4dfbbfa43c49b4fa0664177e8 av-gridrow-cell av_one_fifth no_margin  avia-builder-el-7  el_after_av_cell_two_fifth  avia-builder-el-last  content-align-top'  ><div class='flex_cell_inner'>\n<style type=\"text\/css\" data-created_by=\"avia_inline_auto\" id=\"style-css-av-tmvj7f-8646df7f75524be3382755a2cfd11a51\">\n.flex_column.av-tmvj7f-8646df7f75524be3382755a2cfd11a51{\nborder-radius:0px 0px 0px 0px;\npadding:80px 0px 0px 30px;\n}\n<\/style>\n<div  class='flex_column av-tmvj7f-8646df7f75524be3382755a2cfd11a51 av_one_full  avia-builder-el-8  avia-builder-el-no-sibling  first flex_column_div  '     ><\/div>\n<\/div><\/div><\/div><div id='av-layout-grid-2'  class='av-layout-grid-container av-rsok63-302f9527ec9a844d19aec1ca2d8c26a4 entry-content-wrapper main_color av-flex-cells av-break-at-tablet  avia-builder-el-9  el_after_av_layout_row  el_before_av_layout_row  grid-row-not-first  container_wrap sidebar_right'  >\n\n<style type=\"text\/css\" data-created_by=\"avia_inline_auto\" id=\"style-css-av-phriqz-930843732dc6cf4d8350c655ae131457\">\n.flex_cell.av-phriqz-930843732dc6cf4d8350c655ae131457{\nvertical-align:top;\n}\n.responsive #top #wrap_all .flex_cell.av-phriqz-930843732dc6cf4d8350c655ae131457{\npadding:30px 30px 0px 30px !important;\n}\n<\/style>\n<div class='flex_cell av-phriqz-930843732dc6cf4d8350c655ae131457 av-gridrow-cell av_two_fifth no_margin  avia-builder-el-10  el_before_av_cell_two_fifth  avia-builder-el-first  bg-1px-repeat invalid-custom-class-found content-align-top'  ><div class='flex_cell_inner'><p>\n<style type=\"text\/css\" data-created_by=\"avia_inline_auto\" id=\"style-css-av-oekjzv-e9099e4fe3324dcb8569076232600d8a\">\n#top .flex_column.av-oekjzv-e9099e4fe3324dcb8569076232600d8a{\nmargin-top:0px;\nmargin-bottom:0px;\n}\n.flex_column.av-oekjzv-e9099e4fe3324dcb8569076232600d8a{\nborder-radius:0px 0px 0px 0px;\npadding:0px 0px 0px 0px;\n}\n.responsive #top #wrap_all .flex_column.av-oekjzv-e9099e4fe3324dcb8569076232600d8a{\nmargin-top:0px;\nmargin-bottom:0px;\n}\n<\/style>\n<div  class='flex_column av-oekjzv-e9099e4fe3324dcb8569076232600d8a av_one_fifth  avia-builder-el-11  el_before_av_four_fifth  avia-builder-el-first  first flex_column_div av-zero-column-padding  '     ><\/div>\n<style type=\"text\/css\" data-created_by=\"avia_inline_auto\" id=\"style-css-av-4jk11n-a24141531150b6ecd8e4f93bd96d833d\">\n#top .flex_column.av-4jk11n-a24141531150b6ecd8e4f93bd96d833d{\nmargin-top:0px;\nmargin-bottom:0px;\n}\n.flex_column.av-4jk11n-a24141531150b6ecd8e4f93bd96d833d{\nborder-radius:0px 0px 0px 0px;\npadding:0px 0px 0px 0px;\n}\n.responsive #top #wrap_all .flex_column.av-4jk11n-a24141531150b6ecd8e4f93bd96d833d{\nmargin-top:0px;\nmargin-bottom:0px;\n}\n<\/style>\n<div  class='flex_column av-4jk11n-a24141531150b6ecd8e4f93bd96d833d av_four_fifth  avia-builder-el-12  el_after_av_one_fifth  avia-builder-el-last  flex_column_div av-zero-column-padding  '     ><section  class='av_textblock_section av-2uco23-e1d81355ca2c796252fad4d5017ed879 '   itemscope=\"itemscope\" itemtype=\"https:\/\/schema.org\/CreativeWork\" ><div class='avia_textblock'  itemprop=\"text\" ><h1 style=\"padding-top: 45px;\">En plus, nos 15\/20.000 tonnes disponibles en stocks, de diff\u00e9rentes qualit\u00e9s et \u00e9paisseurs,<\/h1>\n<h4> nous donnent la possibilit\u00e9 de garantir un retour plus rapide \u00e0 toutes les demandes urgentes, nous permettant d&rsquo;offrir un service \u00ab\u00a0Just in Time\u00a0\u00bb si n\u00e9cessaire.<\/h4>\n<\/div><\/section><\/div><\/p>\n<\/div><\/div>\n<style type=\"text\/css\" data-created_by=\"avia_inline_auto\" id=\"style-css-av-dqv41n-9c68b31b7664ca1d8a099518238eb816\">\n.flex_cell.av-dqv41n-9c68b31b7664ca1d8a099518238eb816{\nvertical-align:top;\nbackground:url(https:\/\/icl-spa.it\/wp-content\/uploads\/2021\/05\/DSC_0027-1-scaled.jpg) 50% 50% no-repeat scroll ;\n}\n.responsive #top #wrap_all .flex_cell.av-dqv41n-9c68b31b7664ca1d8a099518238eb816{\npadding:0px 0px 0px 0px !important;\n}\n<\/style>\n<div class='flex_cell av-dqv41n-9c68b31b7664ca1d8a099518238eb816 av-gridrow-cell av_two_fifth no_margin  avia-builder-el-14  el_after_av_cell_two_fifth  el_before_av_cell_one_fifth  no-margin-bg content-align-top av-zero-padding avia-full-stretch'  ><div class='flex_cell_inner'>\n<style type=\"text\/css\" data-created_by=\"avia_inline_auto\" id=\"style-css-av-kp6la3ms-e9ad6411808a32083a5f4ca42ff66ba4\">\n#top .hr.hr-invisible.av-kp6la3ms-e9ad6411808a32083a5f4ca42ff66ba4{\nheight:400px;\n}\n<\/style>\n<div  class='hr av-kp6la3ms-e9ad6411808a32083a5f4ca42ff66ba4 hr-invisible  avia-builder-el-15  avia-builder-el-no-sibling '><span class='hr-inner '><span class=\"hr-inner-style\"><\/span><\/span><\/div>\n<\/div><\/div>\n<style type=\"text\/css\" data-created_by=\"avia_inline_auto\" id=\"style-css-av-cx7iej-039d2844cb957b6b4a6ec394444d0c85\">\n.flex_cell.av-cx7iej-039d2844cb957b6b4a6ec394444d0c85{\nvertical-align:top;\n}\n.responsive #top #wrap_all .flex_cell.av-cx7iej-039d2844cb957b6b4a6ec394444d0c85{\npadding:0px 0px 0px 0px !important;\n}\n<\/style>\n<div class='flex_cell av-cx7iej-039d2844cb957b6b4a6ec394444d0c85 av-gridrow-cell av_one_fifth no_margin  avia-builder-el-16  el_after_av_cell_two_fifth  avia-builder-el-last  bg-1px-repeat no-margin-bg content-align-top av-zero-padding'  ><div class='flex_cell_inner'><\/div><\/div><\/div><div id='av-layout-grid-3'  class='av-layout-grid-container av-eqkowr-a9aa5b768b1947ebb312e70ea055f69e entry-content-wrapper main_color av-flex-cells  avia-builder-el-17  el_after_av_layout_row  avia-builder-el-last  bg-griglia grid-row-not-first  container_wrap sidebar_right'  >\n\n<style type=\"text\/css\" data-created_by=\"avia_inline_auto\" id=\"style-css-av-czttgr-3a30861961d579d66963da5842546520\">\n.flex_cell.av-czttgr-3a30861961d579d66963da5842546520{\nvertical-align:top;\n}\n.responsive #top #wrap_all .flex_cell.av-czttgr-3a30861961d579d66963da5842546520{\npadding:30px 30px 30px 30px !important;\n}\n<\/style>\n<div class='flex_cell av-czttgr-3a30861961d579d66963da5842546520 av-gridrow-cell av_two_fifth no_margin  avia-builder-el-18  el_before_av_cell_two_fifth  avia-builder-el-first  content-align-top'  ><div class='flex_cell_inner'>\n<style type=\"text\/css\" data-created_by=\"avia_inline_auto\" id=\"style-css-av-b16b3v-30f1fcde6096529df0816821f75cae28\">\n#top .flex_column.av-b16b3v-30f1fcde6096529df0816821f75cae28{\nmargin-top:0px;\nmargin-bottom:0px;\n}\n.flex_column.av-b16b3v-30f1fcde6096529df0816821f75cae28{\nborder-radius:0px 0px 0px 0px;\npadding:295px 0px 0px 30px;\nbackground:url(https:\/\/icl-spa.it\/wp-content\/uploads\/2021\/05\/lamiera-284x300.png) 0% 0% no-repeat scroll ;\n}\n.responsive #top #wrap_all .flex_column.av-b16b3v-30f1fcde6096529df0816821f75cae28{\nmargin-top:0px;\nmargin-bottom:0px;\n}\n<\/style>\n<div  class='flex_column av-b16b3v-30f1fcde6096529df0816821f75cae28 av_one_full  avia-builder-el-19  avia-builder-el-no-sibling  first flex_column_div  '     ><\/div>\n<\/div><\/div>\n<style type=\"text\/css\" data-created_by=\"avia_inline_auto\" id=\"style-css-av-8qprtn-b041081dd6d273d2e8daed1bb053ea94\">\n.flex_cell.av-8qprtn-b041081dd6d273d2e8daed1bb053ea94{\nvertical-align:top;\n}\n.responsive #top #wrap_all .flex_cell.av-8qprtn-b041081dd6d273d2e8daed1bb053ea94{\npadding:0px 30px 30px 30px !important;\n}\n<\/style>\n<div class='flex_cell av-8qprtn-b041081dd6d273d2e8daed1bb053ea94 av-gridrow-cell av_two_fifth no_margin  avia-builder-el-20  el_after_av_cell_two_fifth  el_before_av_cell_one_fifth  content-align-top'  ><div class='flex_cell_inner'>\n<style type=\"text\/css\" data-created_by=\"avia_inline_auto\" id=\"style-css-av-797jor-0ffb66e055e99b0e96081daaa6273993\">\n.flex_column.av-797jor-0ffb66e055e99b0e96081daaa6273993{\nborder-radius:0px 0px 0px 0px;\npadding:80px 0px 0px 30px;\n}\n<\/style>\n<div  class='flex_column av-797jor-0ffb66e055e99b0e96081daaa6273993 av_one_full  avia-builder-el-21  avia-builder-el-no-sibling  first flex_column_div  '     ><section  class='av_textblock_section av-6ap1qz-7ffc93604be3ca672d4c7d164beef970 '   itemscope=\"itemscope\" itemtype=\"https:\/\/schema.org\/CreativeWork\" ><div class='avia_textblock'  itemprop=\"text\" ><h1 style=\"text-align: center; color: #ffffff;\">Notre objectif est de soutenir les clients<\/h1>\n<h4 style=\"text-align: center; color: #ffffff;\">afin de leur donner le meilleur support pour chaque  demande sp\u00e9cifique dans n\u2019importe quel secteur de production.<\/h4>\n<\/div><\/section><\/div>\n<\/div><\/div>\n<style type=\"text\/css\" data-created_by=\"avia_inline_auto\" id=\"style-css-av-4l8997-ef3ca0ae5be04a20d3a75db7be318fce\">\n.flex_cell.av-4l8997-ef3ca0ae5be04a20d3a75db7be318fce{\nvertical-align:top;\n}\n.responsive #top #wrap_all .flex_cell.av-4l8997-ef3ca0ae5be04a20d3a75db7be318fce{\npadding:30px 30px 30px 30px !important;\n}\n<\/style>\n<div class='flex_cell av-4l8997-ef3ca0ae5be04a20d3a75db7be318fce av-gridrow-cell av_one_fifth no_margin  avia-builder-el-23  el_after_av_cell_two_fifth  avia-builder-el-last  content-align-top'  ><div class='flex_cell_inner'>\n<style type=\"text\/css\" data-created_by=\"avia_inline_auto\" id=\"style-css-av-2ekgt7-0c841f9618901c715ad726fe35717ade\">\n.flex_column.av-2ekgt7-0c841f9618901c715ad726fe35717ade{\nborder-radius:0px 0px 0px 0px;\npadding:80px 0px 0px 30px;\n}\n<\/style>\n<div  class='flex_column av-2ekgt7-0c841f9618901c715ad726fe35717ade av_one_full  avia-builder-el-24  avia-builder-el-no-sibling  first flex_column_div  '     ><\/div>\n<\/div><\/div><\/div><\/p>\n","protected":false},"excerpt":{"rendered":"","protected":false},"author":2,"featured_media":0,"parent":0,"menu_order":0,"comment_status":"closed","ping_status":"closed","template":"","meta":{"footnotes":""},"class_list":["post-2478","page","type-page","status-publish","hentry"],"_links":{"self":[{"href":"https:\/\/icl-spa.it\/fr\/wp-json\/wp\/v2\/pages\/2478","targetHints":{"allow":["GET"]}}],"collection":[{"href":"https:\/\/icl-spa.it\/fr\/wp-json\/wp\/v2\/pages"}],"about":[{"href":"https:\/\/icl-spa.it\/fr\/wp-json\/wp\/v2\/types\/page"}],"author":[{"embeddable":true,"href":"https:\/\/icl-spa.it\/fr\/wp-json\/wp\/v2\/users\/2"}],"replies":[{"embeddable":true,"href":"https:\/\/icl-spa.it\/fr\/wp-json\/wp\/v2\/comments?post=2478"}],"version-history":[{"count":5,"href":"https:\/\/icl-spa.it\/fr\/wp-json\/wp\/v2\/pages\/2478\/revisions"}],"predecessor-version":[{"id":2708,"href":"https:\/\/icl-spa.it\/fr\/wp-json\/wp\/v2\/pages\/2478\/revisions\/2708"}],"wp:attachment":[{"href":"https:\/\/icl-spa.it\/fr\/wp-json\/wp\/v2\/media?parent=2478"}],"curies":[{"name":"wp","href":"https:\/\/api.w.org\/{rel}","templated":true}]}}